{"id":19,"date":"2022-02-06T18:25:01","date_gmt":"2022-02-06T17:25:01","guid":{"rendered":"http:\/\/lavalleedupomsky.com\/?page_id=19"},"modified":"2023-10-09T18:02:38","modified_gmt":"2023-10-09T16:02:38","slug":"a-propos-de","status":"publish","type":"page","link":"https:\/\/lavalleedupomsky.com\/index.php\/a-propos-de\/","title":{"rendered":"\u00c0 propos du Pomsky"},"content":{"rendered":"\n<ul class=\"wp-block-list\">\n<li><strong>L&#8217;HISTOIRE DU POMSKY<\/strong><\/li>\n<\/ul>\n\n\n\n<p>Le&nbsp;<strong>Pomsky<\/strong>&nbsp;est un chien crois\u00e9, ressemblant \u00e0 un husky miniature. Il est le r\u00e9sultat de croisements entre des HUSKIES SIBERIENS&nbsp;et de SPITZ NAINS, \u00e9galement appel\u00e9s Loulous de Pom\u00e9ranie. Sur le plan de sa sant\u00e9, le Pomsky b\u00e9n\u00e9ficie des avantages des chiens crois\u00e9s, \u00e0 savoir qu\u2019il est plus rustique, vit en meilleure sant\u00e9&nbsp;et b\u00e9n\u00e9ficie en moyenne d\u2019une esp\u00e9rance de vie&nbsp;plus longue que les chiens de races pures.<\/p>\n\n\n\n<p>Le Pomsky est un ph\u00e9nom\u00e8ne internet qui a pris de l\u2019ampleur aux Etats Unis \u00e0 partir de 2011 alors que la race n\u2019existait m\u00eame pas encore r\u00e9ellement.<\/p>\n\n\n\n<p>Cela a commenc\u00e9 avec une photo devenue virale sur Internet, pr\u00e9tendant \u00eatre un chien adulte crois\u00e9 Husky \/ Pom\u00e9ranien, en r\u00e9alit\u00e9, la photo \u00e9tait celle d\u2019un chiot finlandais Lapphund nomm\u00e9 Tequila. La forte demande suite \u00e0 la publication de cette photo ont conduit des \u00e9leveurs am\u00e9ricains \u00e0 ins\u00e9miner artificiellement leurs Huskies avec des spitz de pom\u00e9ranie dans l\u2019espoir de faire du c\u00e9l\u00e8bre Pomsky une r\u00e9alit\u00e9. Ce qui a fonctionn\u00e9 apr\u00e8s plusieurs ann\u00e9es. <\/p>\n\n\n\n<ul class=\"wp-block-list\">\n<li><strong>LES GENERATIONS DES POMSKIES<\/strong><\/li>\n<\/ul>\n\n\n\n<figure class=\"wp-block-image size-large\"><img loading=\"lazy\" decoding=\"async\" width=\"1024\" height=\"576\" src=\"http:\/\/lavalleedupomsky.com\/wp-content\/uploads\/2022\/04\/IMG_3600-1024x576.png\" alt=\"\" class=\"wp-image-329\" srcset=\"https:\/\/lavalleedupomsky.com\/wp-content\/uploads\/2022\/04\/IMG_3600-1024x576.png 1024w, https:\/\/lavalleedupomsky.com\/wp-content\/uploads\/2022\/04\/IMG_3600-300x169.png 300w, https:\/\/lavalleedupomsky.com\/wp-content\/uploads\/2022\/04\/IMG_3600-768x432.png 768w, https:\/\/lavalleedupomsky.com\/wp-content\/uploads\/2022\/04\/IMG_3600.png 1334w\" sizes=\"(max-width: 1024px) 100vw, 1024px\" \/><\/figure>\n\n\n\n<ul class=\"wp-block-list\">\n<li><strong>STANDARD<\/strong><\/li>\n<\/ul>\n\n\n\n<p class=\"has-text-align-left\">Le standard propos\u00e9 par la F\u00e9d\u00e9ration Fran\u00e7aise du Pomsky (anciennement Officiel Pomsky France) s\u2019inspire de celui cr\u00e9\u00e9 par l\u2019<strong>International Pomsky Association (IPA)\u00a0<\/strong>fond\u00e9e par les Am\u00e9ricains. Il y aura toutefois certains points qui seront diff\u00e9rents\u00a0: L\u2019OPF souhaite apporter un but \u00e0 atteindre aux \u00e9leveurs d\u00e9butants et confirm\u00e9s, avancer dans la m\u00eame direction afin d\u2019\u00e9viter les d\u00e9rives farfelues, croisements de chiens aux physique et comportement non s\u00e9lectionn\u00e9s,\u00a0 (pratiques malheureusement trop nombreuses dans toute cr\u00e9ation de race) dans l\u2019espoir d\u2019une reconnaissance future. Sans cela, le pomsky ne sera pas reconnu. De ce croisement, nous cherchons \u00e0 obtenir un chien nordique ressemblant au Husky sib\u00e9rien, notamment de par ses marquages ainsi que sa morphologie, et dot\u00e9 d\u2019un comportement et de besoins\u00a0 correspondant \u00e0 un mode de vie urbain, familial : il doit pouvoir correspondre \u00e0 des personnes sportives et\/ou tr\u00e8s actives, comme d\u2019autres beaucoup moins actives : c\u2019est pourquoi il se d\u00e9clinera en 3 tailles. Le but \u00e9tant d\u2019obtenir avant tout un chien de compagnie.<\/p>\n\n\n\n<ul class=\"wp-block-list\">\n<li><strong>TEMPERAMENT<\/strong><\/li>\n<\/ul>\n\n\n\n<p>Le Pomsky est un chien joyeux, affectueux, avec un caract\u00e8re enjou\u00e9. Les chiens doivent \u00eatre extravertis, confiants, surs d\u2019eux, non agressifs et sociables envers les humains, ainsi que les autres chiens. Le Pomsky devra \u00eatre un chien relativement facile \u00e0 \u00e9duquer, qui ne comprends pas les d\u00e9fauts de comportement souvent reproch\u00e9s au Husky qui est \u00e0 l\u2019origine un nordique de tra\u00eeneau (fugueur, rappel approximatif ou impossible, t\u00eatu, ind\u00e9pendant, ne supportant pas la solitude, difficile \u00e0 motiver et \u00e0 \u00e9duquer). Nous ne souhaitons \u00e9galement pas que celui-ci h\u00e9rite de comportements ind\u00e9sirables qui peuvent \u00eatre pr\u00e9sents chez le spitz (aboyeur, possessif, parfois associable, peureux). Tous ces d\u00e9fauts n\u2019\u00e9tant pas souhait\u00e9s, notre r\u00f4le en tant qu&#8217;\u00e9leveur est de s\u00e9lectionner des reproducteurs au comportement \u00e9quilibr\u00e9.<\/p>\n\n\n\n<ul class=\"wp-block-list\">\n<li><strong>LA TAILLE<\/strong><\/li>\n<\/ul>\n\n\n\n<p>Le Pomsky <em><strong>TOY<\/strong><\/em> mesure jusqu&#8217;\u00e0 34cm pour un poids allant jusqu&#8217;\u00e0 5kg.<\/p>\n\n\n\n<p>Le Pomsky <em><strong>MINI<\/strong><\/em> mesure de 35cm jusqu&#8217;\u00e0 40cm pour un poids allant jusqu&#8217;\u00e0 8kg.<\/p>\n\n\n\n<p>Le Pomsky <em><strong>STANDARD<\/strong><\/em> mesure de 40cm jusqu&#8217;\u00e0 45cm pour un poids allant jusqu&#8217;\u00e0 14kg.<\/p>\n","protected":false},"excerpt":{"rendered":"<p>Le&nbsp;Pomsky&nbsp;est un chien crois\u00e9, ressemblant \u00e0 un husky miniature. Il est le r\u00e9sultat de croisements entre des HUSKIES SIBERIENS&nbsp;et de SPITZ NAINS, \u00e9galement appel\u00e9s Loulous de Pom\u00e9ranie. Sur le plan de sa sant\u00e9, le Pomsky b\u00e9n\u00e9ficie des avantages des chiens crois\u00e9s, \u00e0 savoir qu\u2019il est plus rustique, vit en meilleure sant\u00e9&nbsp;et b\u00e9n\u00e9ficie en moyenne d\u2019une &hellip; <\/p>\n<p class=\"link-more\"><a href=\"https:\/\/lavalleedupomsky.com\/index.php\/a-propos-de\/\" class=\"more-link\">Read more<span class=\"screen-reader-text\"> &#8220;\u00c0 propos du Pomsky&#8221;<\/span><\/a><\/p>\n","protected":false},"author":1,"featured_media":0,"parent":0,"menu_order":0,"comment_status":"closed","ping_status":"closed","template":"","meta":{"footnotes":""},"class_list":["post-19","page","type-page","status-publish","hentry"],"_links":{"self":[{"href":"https:\/\/lavalleedupomsky.com\/index.php\/wp-json\/wp\/v2\/pages\/19"}],"collection":[{"href":"https:\/\/lavalleedupomsky.com\/index.php\/wp-json\/wp\/v2\/pages"}],"about":[{"href":"https:\/\/lavalleedupomsky.com\/index.php\/wp-json\/wp\/v2\/types\/page"}],"author":[{"embeddable":true,"href":"https:\/\/lavalleedupomsky.com\/index.php\/wp-json\/wp\/v2\/users\/1"}],"replies":[{"embeddable":true,"href":"https:\/\/lavalleedupomsky.com\/index.php\/wp-json\/wp\/v2\/comments?post=19"}],"version-history":[{"count":16,"href":"https:\/\/lavalleedupomsky.com\/index.php\/wp-json\/wp\/v2\/pages\/19\/revisions"}],"predecessor-version":[{"id":427,"href":"https:\/\/lavalleedupomsky.com\/index.php\/wp-json\/wp\/v2\/pages\/19\/revisions\/427"}],"wp:attachment":[{"href":"https:\/\/lavalleedupomsky.com\/index.php\/wp-json\/wp\/v2\/media?parent=19"}],"curies":[{"name":"wp","href":"https:\/\/api.w.org\/{rel}","templated":true}]}}